{"id":17809,"date":"2020-07-19T10:08:45","date_gmt":"2020-07-19T10:08:45","guid":{"rendered":"http:\/\/www.conservasorquidea.com\/?post_type=product&#038;p=17809"},"modified":"2026-03-16T06:25:43","modified_gmt":"2026-03-16T06:25:43","slug":"alcachofas-con-tallo-gourmet-cristal","status":"publish","type":"product","link":"https:\/\/www.conservasorquidea.com\/en\/producto\/alcachofas-con-tallo-gourmet-cristal\/","title":{"rendered":"Alcachofas con tallo a la Romana, 12 tarros de 445 -GOURMET- . Envi\u00f3 gratis en pen\u00ednsula"},"content":{"rendered":"<p><span style=\"color: #000000;\"><span style=\"color: #ff0000;\">Contiene :<\/span> 12 Tarros de alcachofas enteras con tallo a la Romana, cristal -GOURMET- 445\u00a0<\/span><\/p>\n<p><span style=\"color: #ff0000;\">Ingredientes :<\/span> <span style=\"color: #000000;\">Alcachofas enteras, aceite girasol, vinagre de alcohol, sal, mezcla de especias y acidulante: \u00e1cido c\u00edtrico.<\/span><\/p>\n<p>&nbsp;<\/p>\n<p><span style=\"color: #ff0000;\">INFORMACI\u00d3N NUTRICIONAL por 100g<\/span><\/p>\n<p><span style=\"color: #000000;\">Valor energ\u00e9tico &#8230;.. 567kj \/ 137 kcal<\/span><\/p>\n<p><span style=\"color: #000000;\">Grasas &#8230;&#8230;&#8230;&#8230;&#8230;&#8230;&#8230;&#8230;&#8230;&#8230;&#8230;&#8230;\u00a0 10,5 g<\/span><\/p>\n<p><span style=\"color: #000000;\">de las cuales saturadas &#8230;&#8230;&#8230;&#8230;\u00a0 1,2 g<\/span><\/p>\n<p><span style=\"color: #000000;\">Hidratos de carbono\u00a0 \u00a0 &#8230;&#8230;&#8230;&#8230;.\u00a0 9,1 g<\/span><\/p>\n<p><span style=\"color: #000000;\">de los cuales azucares\u00a0 &#8230;&#8230;&#8230;&#8230;.\u00a0 0,7 g<\/span><\/p>\n<p><span style=\"color: #000000;\">Prote\u00ednas\u00a0 &#8230;&#8230;&#8230;&#8230;&#8230;&#8230;&#8230;&#8230;&#8230;&#8230;&#8230;\u00a0 \u00a01,4 g\u00a0 \u00a0 \u00a0<\/span><\/p>\n<p><span style=\"color: #000000;\">Sal &#8230;&#8230;&#8230;&#8230;&#8230;&#8230;&#8230;&#8230;&#8230;&#8230;&#8230;&#8230;&#8230;&#8230;&#8230; 0,76 g <\/span><\/p>\n<p><span style=\"color: #ff0000;\">Producto de Espa\u00f1a de la huerta de Murcia, elaboraci\u00f3n artesanal.<\/span><\/p>\n","protected":false},"excerpt":{"rendered":"<p>Contiene : 12 Tarros de alcachofas enteras con tallo a la Romana, cristal -GOURMET- 445\u00a0 Ingredientes : Alcachofas enteras, aceite girasol, vinagre de alcohol, sal, mezcla de especias y acidulante: \u00e1cido c\u00edtrico. &nbsp; INFORMACI\u00d3N NUTRICIONAL por 100g Valor energ\u00e9tico &#8230;.. 567kj \/ 137 kcal Grasas&#8230;<\/p>\n","protected":false},"featured_media":20859,"template":"","meta":[],"product_cat":[77],"product_tag":[],"yoast_head":"<!-- This site is optimized with the Yoast SEO Premium plugin v19.5 (Yoast SEO v20.8) - https:\/\/yoast.com\/wordpress\/plugins\/seo\/ -->\n<title>Alcachofas con tallo a la Romana, 12 tarros de 445 -GOURMET- . Envi\u00f3 gratis en pen\u00ednsula - Conservas La Orquidea<\/title>\n<meta name=\"robots\" content=\"index, follow, max-snippet:-1, max-image-preview:large, max-video-preview:-1\" \/>\n<link rel=\"canonical\" href=\"https:\/\/www.conservasorquidea.com\/en\/producto\/alcachofas-con-tallo-gourmet-cristal\/\" \/>\n<meta property=\"og:locale\" content=\"en_US\" \/>\n<meta property=\"og:type\" content=\"article\" \/>\n<meta property=\"og:title\" content=\"Alcachofas con tallo a la Romana, 12 tarros de 445 -GOURMET- . Envi\u00f3 gratis en pen\u00ednsula\" \/>\n<meta property=\"og:description\" content=\"Contiene : 12 Tarros de alcachofas enteras con tallo a la Romana, cristal -GOURMET- 445\u00a0 Ingredientes : Alcachofas enteras, aceite girasol, vinagre de alcohol, sal, mezcla de especias y acidulante: \u00e1cido c\u00edtrico. &nbsp; INFORMACI\u00d3N NUTRICIONAL por 100g Valor energ\u00e9tico &#8230;.. 567kj \/ 137 kcal Grasas...\" \/>\n<meta property=\"og:url\" content=\"https:\/\/www.conservasorquidea.com\/en\/producto\/alcachofas-con-tallo-gourmet-cristal\/\" \/>\n<meta property=\"og:site_name\" content=\"Conservas La Orquidea\" \/>\n<meta property=\"article:modified_time\" content=\"2026-03-16T06:25:43+00:00\" \/>\n<meta property=\"og:image\" content=\"https:\/\/www.conservasorquidea.com\/wp-content\/uploads\/2020\/07\/157A2252-BEA0-4290-B0C4-A52ED7C29D0C-1-scaled.jpeg\" \/>\n\t<meta property=\"og:image:width\" content=\"1988\" \/>\n\t<meta property=\"og:image:height\" content=\"2560\" \/>\n\t<meta property=\"og:image:type\" content=\"image\/jpeg\" \/>\n<meta name=\"twitter:card\" content=\"summary_large_image\" \/>\n<meta name=\"twitter:label1\" content=\"Price\" \/>\n\t<meta name=\"twitter:data1\" content=\"45,00&euro;\" \/>\n\t<meta name=\"twitter:label2\" content=\"Availability\" \/>\n\t<meta name=\"twitter:data2\" content=\"In stock\" \/>\n<script type=\"application\/ld+json\" class=\"yoast-schema-graph\">{\"@context\":\"https:\/\/schema.org\",\"@graph\":[{\"@type\":\"WebPage\",\"@id\":\"https:\/\/www.conservasorquidea.com\/en\/producto\/alcachofas-con-tallo-gourmet-cristal\/\",\"url\":\"https:\/\/www.conservasorquidea.com\/en\/producto\/alcachofas-con-tallo-gourmet-cristal\/\",\"name\":\"Alcachofas con tallo a la Romana, 12 tarros de 445 -GOURMET- . Envi\u00f3 gratis en pen\u00ednsula - Conservas La Orquidea\",\"isPartOf\":{\"@id\":\"https:\/\/www.conservasorquidea.com\/en\/#website\"},\"datePublished\":\"2020-07-19T10:08:45+00:00\",\"dateModified\":\"2026-03-16T06:25:43+00:00\",\"breadcrumb\":{\"@id\":\"https:\/\/www.conservasorquidea.com\/en\/producto\/alcachofas-con-tallo-gourmet-cristal\/#breadcrumb\"},\"inLanguage\":\"en-US\",\"potentialAction\":[{\"@type\":\"ReadAction\",\"target\":[\"https:\/\/www.conservasorquidea.com\/en\/producto\/alcachofas-con-tallo-gourmet-cristal\/\"]}]},{\"@type\":\"BreadcrumbList\",\"@id\":\"https:\/\/www.conservasorquidea.com\/en\/producto\/alcachofas-con-tallo-gourmet-cristal\/#breadcrumb\",\"itemListElement\":[{\"@type\":\"ListItem\",\"position\":1,\"name\":\"Portada\",\"item\":\"https:\/\/www.conservasorquidea.com\/en\/\"},{\"@type\":\"ListItem\",\"position\":2,\"name\":\"Tienda\",\"item\":\"https:\/\/www.conservasorquidea.com\/tienda\/tienda\/\"},{\"@type\":\"ListItem\",\"position\":3,\"name\":\"Alcachofas con tallo a la Romana, 12 tarros de 445 -GOURMET- . Envi\u00f3 gratis en pen\u00ednsula\"}]},{\"@type\":\"WebSite\",\"@id\":\"https:\/\/www.conservasorquidea.com\/en\/#website\",\"url\":\"https:\/\/www.conservasorquidea.com\/en\/\",\"name\":\"Conservas La Orquidea\",\"description\":\"Conservas Alcachofas Tomates Murcia Espa\u00f1a Conservas Orquidea Hijos de Jose Gomariz Lopez.\",\"publisher\":{\"@id\":\"https:\/\/www.conservasorquidea.com\/en\/#organization\"},\"potentialAction\":[{\"@type\":\"SearchAction\",\"target\":{\"@type\":\"EntryPoint\",\"urlTemplate\":\"https:\/\/www.conservasorquidea.com\/en\/?s={search_term_string}\"},\"query-input\":\"required name=search_term_string\"}],\"inLanguage\":\"en-US\"},{\"@type\":\"Organization\",\"@id\":\"https:\/\/www.conservasorquidea.com\/en\/#organization\",\"name\":\"Conservas La Orquidea\",\"url\":\"https:\/\/www.conservasorquidea.com\/en\/\",\"logo\":{\"@type\":\"ImageObject\",\"inLanguage\":\"en-US\",\"@id\":\"https:\/\/www.conservasorquidea.com\/en\/#\/schema\/logo\/image\/\",\"url\":\"https:\/\/www.conservasorquidea.com\/wp-content\/uploads\/2020\/05\/logo-la-orquidea-email.png\",\"contentUrl\":\"https:\/\/www.conservasorquidea.com\/wp-content\/uploads\/2020\/05\/logo-la-orquidea-email.png\",\"width\":500,\"height\":230,\"caption\":\"Conservas La Orquidea\"},\"image\":{\"@id\":\"https:\/\/www.conservasorquidea.com\/en\/#\/schema\/logo\/image\/\"}}]}<\/script>\n<meta property=\"product:price:amount\" content=\"45.00\" \/>\n<meta property=\"product:price:currency\" content=\"EUR\" \/>\n<meta property=\"og:availability\" content=\"instock\" \/>\n<meta property=\"product:availability\" content=\"instock\" \/>\n<meta property=\"product:condition\" content=\"new\" \/>\n<!-- \/ Yoast SEO Premium plugin. -->","yoast_head_json":{"title":"Alcachofas con tallo a la Romana, 12 tarros de 445 -GOURMET- . Envi\u00f3 gratis en pen\u00ednsula - Conservas La Orquidea","robots":{"index":"index","follow":"follow","max-snippet":"max-snippet:-1","max-image-preview":"max-image-preview:large","max-video-preview":"max-video-preview:-1"},"canonical":"https:\/\/www.conservasorquidea.com\/en\/producto\/alcachofas-con-tallo-gourmet-cristal\/","og_locale":"en_US","og_type":"article","og_title":"Alcachofas con tallo a la Romana, 12 tarros de 445 -GOURMET- . Envi\u00f3 gratis en pen\u00ednsula","og_description":"Contiene : 12 Tarros de alcachofas enteras con tallo a la Romana, cristal -GOURMET- 445\u00a0 Ingredientes : Alcachofas enteras, aceite girasol, vinagre de alcohol, sal, mezcla de especias y acidulante: \u00e1cido c\u00edtrico. &nbsp; INFORMACI\u00d3N NUTRICIONAL por 100g Valor energ\u00e9tico &#8230;.. 567kj \/ 137 kcal Grasas...","og_url":"https:\/\/www.conservasorquidea.com\/en\/producto\/alcachofas-con-tallo-gourmet-cristal\/","og_site_name":"Conservas La Orquidea","article_modified_time":"2026-03-16T06:25:43+00:00","og_image":[{"width":1988,"height":2560,"url":"https:\/\/www.conservasorquidea.com\/wp-content\/uploads\/2020\/07\/157A2252-BEA0-4290-B0C4-A52ED7C29D0C-1-scaled.jpeg","type":"image\/jpeg"}],"twitter_card":"summary_large_image","twitter_misc":{"Price":"45,00&euro;","Availability":"In stock"},"schema":{"@context":"https:\/\/schema.org","@graph":[{"@type":"WebPage","@id":"https:\/\/www.conservasorquidea.com\/en\/producto\/alcachofas-con-tallo-gourmet-cristal\/","url":"https:\/\/www.conservasorquidea.com\/en\/producto\/alcachofas-con-tallo-gourmet-cristal\/","name":"Alcachofas con tallo a la Romana, 12 tarros de 445 -GOURMET- . Envi\u00f3 gratis en pen\u00ednsula - Conservas La Orquidea","isPartOf":{"@id":"https:\/\/www.conservasorquidea.com\/en\/#website"},"datePublished":"2020-07-19T10:08:45+00:00","dateModified":"2026-03-16T06:25:43+00:00","breadcrumb":{"@id":"https:\/\/www.conservasorquidea.com\/en\/producto\/alcachofas-con-tallo-gourmet-cristal\/#breadcrumb"},"inLanguage":"en-US","potentialAction":[{"@type":"ReadAction","target":["https:\/\/www.conservasorquidea.com\/en\/producto\/alcachofas-con-tallo-gourmet-cristal\/"]}]},{"@type":"BreadcrumbList","@id":"https:\/\/www.conservasorquidea.com\/en\/producto\/alcachofas-con-tallo-gourmet-cristal\/#breadcrumb","itemListElement":[{"@type":"ListItem","position":1,"name":"Portada","item":"https:\/\/www.conservasorquidea.com\/en\/"},{"@type":"ListItem","position":2,"name":"Tienda","item":"https:\/\/www.conservasorquidea.com\/tienda\/tienda\/"},{"@type":"ListItem","position":3,"name":"Alcachofas con tallo a la Romana, 12 tarros de 445 -GOURMET- . Envi\u00f3 gratis en pen\u00ednsula"}]},{"@type":"WebSite","@id":"https:\/\/www.conservasorquidea.com\/en\/#website","url":"https:\/\/www.conservasorquidea.com\/en\/","name":"Conservas La Orquidea","description":"Conservas Alcachofas Tomates Murcia Espa\u00f1a Conservas Orquidea Hijos de Jose Gomariz Lopez.","publisher":{"@id":"https:\/\/www.conservasorquidea.com\/en\/#organization"},"potentialAction":[{"@type":"SearchAction","target":{"@type":"EntryPoint","urlTemplate":"https:\/\/www.conservasorquidea.com\/en\/?s={search_term_string}"},"query-input":"required name=search_term_string"}],"inLanguage":"en-US"},{"@type":"Organization","@id":"https:\/\/www.conservasorquidea.com\/en\/#organization","name":"Conservas La Orquidea","url":"https:\/\/www.conservasorquidea.com\/en\/","logo":{"@type":"ImageObject","inLanguage":"en-US","@id":"https:\/\/www.conservasorquidea.com\/en\/#\/schema\/logo\/image\/","url":"https:\/\/www.conservasorquidea.com\/wp-content\/uploads\/2020\/05\/logo-la-orquidea-email.png","contentUrl":"https:\/\/www.conservasorquidea.com\/wp-content\/uploads\/2020\/05\/logo-la-orquidea-email.png","width":500,"height":230,"caption":"Conservas La Orquidea"},"image":{"@id":"https:\/\/www.conservasorquidea.com\/en\/#\/schema\/logo\/image\/"}}]},"product_price_amount":"45.00","product_price_currency":"EUR","og_availability":"instock","product_availability":"instock","product_condition":"new"},"_links":{"self":[{"href":"https:\/\/www.conservasorquidea.com\/en\/wp-json\/wp\/v2\/product\/17809"}],"collection":[{"href":"https:\/\/www.conservasorquidea.com\/en\/wp-json\/wp\/v2\/product"}],"about":[{"href":"https:\/\/www.conservasorquidea.com\/en\/wp-json\/wp\/v2\/types\/product"}],"wp:featuredmedia":[{"embeddable":true,"href":"https:\/\/www.conservasorquidea.com\/en\/wp-json\/wp\/v2\/media\/20859"}],"wp:attachment":[{"href":"https:\/\/www.conservasorquidea.com\/en\/wp-json\/wp\/v2\/media?parent=17809"}],"wp:term":[{"taxonomy":"product_cat","embeddable":true,"href":"https:\/\/www.conservasorquidea.com\/en\/wp-json\/wp\/v2\/product_cat?post=17809"},{"taxonomy":"product_tag","embeddable":true,"href":"https:\/\/www.conservasorquidea.com\/en\/wp-json\/wp\/v2\/product_tag?post=17809"}],"curies":[{"name":"wp","href":"https:\/\/api.w.org\/{rel}","templated":true}]}}