{"id":17758,"date":"2020-06-24T20:57:03","date_gmt":"2020-06-24T20:57:03","guid":{"rendered":"http:\/\/www.conservasorquidea.com\/?post_type=product&#038;p=17758"},"modified":"2026-01-29T11:17:38","modified_gmt":"2026-01-29T11:17:38","slug":"promo-pack-3-maletines-variados","status":"publish","type":"product","link":"https:\/\/www.conservasorquidea.com\/en\/producto\/promo-pack-3-maletines-variados\/","title":{"rendered":"Promo Pack 3Malet\u00ednes variados    Envi\u00f3 gratis en pen\u00ednsula"},"content":{"rendered":"<p><span style=\"color: #ff0000;\">Contiene : 3 maletines y cada uno:<\/span><\/p>\n<ul>\n<li>1 Lata de corazones de alcachofas 10\/12 frutos 400 gr<\/li>\n<li>1 Lata de tomate frito casero 400 gr .<\/li>\n<li>1 Lata de alcachofas cuarteadas 400gr<\/li>\n<li>1 Lata tomate entero 400 gr<\/li>\n<li>1 Lata de tomate troceado 400gr<\/li>\n<li>1 Lata de fritada de hortalizas (PISTO) 400gr<\/li>\n<li>1 Pack-3 Latas corazones de alcachofas<\/li>\n<\/ul>\n<p><span style=\"color: #ff0000;\">Producto de Espa\u00f1a, elaborado en la huerta de Murcia .<\/span><\/p>\n","protected":false},"excerpt":{"rendered":"<p>Contiene : 3 maletines y cada uno: 1 Lata de corazones de alcachofas 10\/12 frutos 400 gr 1 Lata de tomate frito casero 400 gr . 1 Lata de alcachofas cuarteadas 400gr 1 Lata tomate entero 400 gr 1 Lata de tomate troceado 400gr 1&#8230;<\/p>\n","protected":false},"featured_media":20463,"template":"","meta":[],"product_cat":[77,76],"product_tag":[],"yoast_head":"<!-- This site is optimized with the Yoast SEO Premium plugin v19.5 (Yoast SEO v20.8) - https:\/\/yoast.com\/wordpress\/plugins\/seo\/ -->\n<title>Promo Pack 3Malet\u00ednes variados  Envi\u00f3 gratis en pen\u00ednsula - Conservas La Orquidea<\/title>\n<meta name=\"robots\" content=\"index, follow, max-snippet:-1, max-image-preview:large, max-video-preview:-1\" \/>\n<link rel=\"canonical\" href=\"https:\/\/www.conservasorquidea.com\/en\/producto\/promo-pack-3-maletines-variados\/\" \/>\n<meta property=\"og:locale\" content=\"en_US\" \/>\n<meta property=\"og:type\" content=\"article\" \/>\n<meta property=\"og:title\" content=\"Promo Pack 3Malet\u00ednes variados  Envi\u00f3 gratis en pen\u00ednsula\" \/>\n<meta property=\"og:description\" content=\"Contiene : 3 maletines y cada uno: 1 Lata de corazones de alcachofas 10\/12 frutos 400 gr 1 Lata de tomate frito casero 400 gr . 1 Lata de alcachofas cuarteadas 400gr 1 Lata tomate entero 400 gr 1 Lata de tomate troceado 400gr 1...\" \/>\n<meta property=\"og:url\" content=\"https:\/\/www.conservasorquidea.com\/en\/producto\/promo-pack-3-maletines-variados\/\" \/>\n<meta property=\"og:site_name\" content=\"Conservas La Orquidea\" \/>\n<meta property=\"article:modified_time\" content=\"2026-01-29T11:17:38+00:00\" \/>\n<meta property=\"og:image\" content=\"https:\/\/www.conservasorquidea.com\/wp-content\/uploads\/2020\/06\/D6141A03-F551-4581-BC9C-6A00011D8995-1024x1024.png\" \/>\n\t<meta property=\"og:image:width\" content=\"1024\" \/>\n\t<meta property=\"og:image:height\" content=\"1024\" \/>\n\t<meta property=\"og:image:type\" content=\"image\/png\" \/>\n<meta name=\"twitter:card\" content=\"summary_large_image\" \/>\n<meta name=\"twitter:label1\" content=\"Price\" \/>\n\t<meta name=\"twitter:data1\" content=\"45,00&euro;\" \/>\n\t<meta name=\"twitter:label2\" content=\"Availability\" \/>\n\t<meta name=\"twitter:data2\" content=\"In stock\" \/>\n<script type=\"application\/ld+json\" class=\"yoast-schema-graph\">{\"@context\":\"https:\/\/schema.org\",\"@graph\":[{\"@type\":\"WebPage\",\"@id\":\"https:\/\/www.conservasorquidea.com\/en\/producto\/promo-pack-3-maletines-variados\/\",\"url\":\"https:\/\/www.conservasorquidea.com\/en\/producto\/promo-pack-3-maletines-variados\/\",\"name\":\"Promo Pack 3Malet\u00ednes variados Envi\u00f3 gratis en pen\u00ednsula - Conservas La Orquidea\",\"isPartOf\":{\"@id\":\"https:\/\/www.conservasorquidea.com\/en\/#website\"},\"datePublished\":\"2020-06-24T20:57:03+00:00\",\"dateModified\":\"2026-01-29T11:17:38+00:00\",\"breadcrumb\":{\"@id\":\"https:\/\/www.conservasorquidea.com\/en\/producto\/promo-pack-3-maletines-variados\/#breadcrumb\"},\"inLanguage\":\"en-US\",\"potentialAction\":[{\"@type\":\"ReadAction\",\"target\":[\"https:\/\/www.conservasorquidea.com\/en\/producto\/promo-pack-3-maletines-variados\/\"]}]},{\"@type\":\"BreadcrumbList\",\"@id\":\"https:\/\/www.conservasorquidea.com\/en\/producto\/promo-pack-3-maletines-variados\/#breadcrumb\",\"itemListElement\":[{\"@type\":\"ListItem\",\"position\":1,\"name\":\"Portada\",\"item\":\"https:\/\/www.conservasorquidea.com\/en\/\"},{\"@type\":\"ListItem\",\"position\":2,\"name\":\"Tienda\",\"item\":\"https:\/\/www.conservasorquidea.com\/tienda\/tienda\/\"},{\"@type\":\"ListItem\",\"position\":3,\"name\":\"Promo Pack 3Malet\u00ednes variados Envi\u00f3 gratis en pen\u00ednsula\"}]},{\"@type\":\"WebSite\",\"@id\":\"https:\/\/www.conservasorquidea.com\/en\/#website\",\"url\":\"https:\/\/www.conservasorquidea.com\/en\/\",\"name\":\"Conservas La Orquidea\",\"description\":\"Conservas Alcachofas Tomates Murcia Espa\u00f1a Conservas Orquidea Hijos de Jose Gomariz Lopez.\",\"publisher\":{\"@id\":\"https:\/\/www.conservasorquidea.com\/en\/#organization\"},\"potentialAction\":[{\"@type\":\"SearchAction\",\"target\":{\"@type\":\"EntryPoint\",\"urlTemplate\":\"https:\/\/www.conservasorquidea.com\/en\/?s={search_term_string}\"},\"query-input\":\"required name=search_term_string\"}],\"inLanguage\":\"en-US\"},{\"@type\":\"Organization\",\"@id\":\"https:\/\/www.conservasorquidea.com\/en\/#organization\",\"name\":\"Conservas La Orquidea\",\"url\":\"https:\/\/www.conservasorquidea.com\/en\/\",\"logo\":{\"@type\":\"ImageObject\",\"inLanguage\":\"en-US\",\"@id\":\"https:\/\/www.conservasorquidea.com\/en\/#\/schema\/logo\/image\/\",\"url\":\"https:\/\/www.conservasorquidea.com\/wp-content\/uploads\/2020\/05\/logo-la-orquidea-email.png\",\"contentUrl\":\"https:\/\/www.conservasorquidea.com\/wp-content\/uploads\/2020\/05\/logo-la-orquidea-email.png\",\"width\":500,\"height\":230,\"caption\":\"Conservas La Orquidea\"},\"image\":{\"@id\":\"https:\/\/www.conservasorquidea.com\/en\/#\/schema\/logo\/image\/\"}}]}<\/script>\n<meta property=\"product:price:amount\" content=\"45.00\" \/>\n<meta property=\"product:price:currency\" content=\"EUR\" \/>\n<meta property=\"og:availability\" content=\"instock\" \/>\n<meta property=\"product:availability\" content=\"instock\" \/>\n<meta property=\"product:condition\" content=\"new\" \/>\n<!-- \/ Yoast SEO Premium plugin. -->","yoast_head_json":{"title":"Promo Pack 3Malet\u00ednes variados  Envi\u00f3 gratis en pen\u00ednsula - Conservas La Orquidea","robots":{"index":"index","follow":"follow","max-snippet":"max-snippet:-1","max-image-preview":"max-image-preview:large","max-video-preview":"max-video-preview:-1"},"canonical":"https:\/\/www.conservasorquidea.com\/en\/producto\/promo-pack-3-maletines-variados\/","og_locale":"en_US","og_type":"article","og_title":"Promo Pack 3Malet\u00ednes variados  Envi\u00f3 gratis en pen\u00ednsula","og_description":"Contiene : 3 maletines y cada uno: 1 Lata de corazones de alcachofas 10\/12 frutos 400 gr 1 Lata de tomate frito casero 400 gr . 1 Lata de alcachofas cuarteadas 400gr 1 Lata tomate entero 400 gr 1 Lata de tomate troceado 400gr 1...","og_url":"https:\/\/www.conservasorquidea.com\/en\/producto\/promo-pack-3-maletines-variados\/","og_site_name":"Conservas La Orquidea","article_modified_time":"2026-01-29T11:17:38+00:00","og_image":[{"width":1024,"height":1024,"url":"https:\/\/www.conservasorquidea.com\/wp-content\/uploads\/2020\/06\/D6141A03-F551-4581-BC9C-6A00011D8995-1024x1024.png","type":"image\/png"}],"twitter_card":"summary_large_image","twitter_misc":{"Price":"45,00&euro;","Availability":"In stock"},"schema":{"@context":"https:\/\/schema.org","@graph":[{"@type":"WebPage","@id":"https:\/\/www.conservasorquidea.com\/en\/producto\/promo-pack-3-maletines-variados\/","url":"https:\/\/www.conservasorquidea.com\/en\/producto\/promo-pack-3-maletines-variados\/","name":"Promo Pack 3Malet\u00ednes variados Envi\u00f3 gratis en pen\u00ednsula - Conservas La Orquidea","isPartOf":{"@id":"https:\/\/www.conservasorquidea.com\/en\/#website"},"datePublished":"2020-06-24T20:57:03+00:00","dateModified":"2026-01-29T11:17:38+00:00","breadcrumb":{"@id":"https:\/\/www.conservasorquidea.com\/en\/producto\/promo-pack-3-maletines-variados\/#breadcrumb"},"inLanguage":"en-US","potentialAction":[{"@type":"ReadAction","target":["https:\/\/www.conservasorquidea.com\/en\/producto\/promo-pack-3-maletines-variados\/"]}]},{"@type":"BreadcrumbList","@id":"https:\/\/www.conservasorquidea.com\/en\/producto\/promo-pack-3-maletines-variados\/#breadcrumb","itemListElement":[{"@type":"ListItem","position":1,"name":"Portada","item":"https:\/\/www.conservasorquidea.com\/en\/"},{"@type":"ListItem","position":2,"name":"Tienda","item":"https:\/\/www.conservasorquidea.com\/tienda\/tienda\/"},{"@type":"ListItem","position":3,"name":"Promo Pack 3Malet\u00ednes variados Envi\u00f3 gratis en pen\u00ednsula"}]},{"@type":"WebSite","@id":"https:\/\/www.conservasorquidea.com\/en\/#website","url":"https:\/\/www.conservasorquidea.com\/en\/","name":"Conservas La Orquidea","description":"Conservas Alcachofas Tomates Murcia Espa\u00f1a Conservas Orquidea Hijos de Jose Gomariz Lopez.","publisher":{"@id":"https:\/\/www.conservasorquidea.com\/en\/#organization"},"potentialAction":[{"@type":"SearchAction","target":{"@type":"EntryPoint","urlTemplate":"https:\/\/www.conservasorquidea.com\/en\/?s={search_term_string}"},"query-input":"required name=search_term_string"}],"inLanguage":"en-US"},{"@type":"Organization","@id":"https:\/\/www.conservasorquidea.com\/en\/#organization","name":"Conservas La Orquidea","url":"https:\/\/www.conservasorquidea.com\/en\/","logo":{"@type":"ImageObject","inLanguage":"en-US","@id":"https:\/\/www.conservasorquidea.com\/en\/#\/schema\/logo\/image\/","url":"https:\/\/www.conservasorquidea.com\/wp-content\/uploads\/2020\/05\/logo-la-orquidea-email.png","contentUrl":"https:\/\/www.conservasorquidea.com\/wp-content\/uploads\/2020\/05\/logo-la-orquidea-email.png","width":500,"height":230,"caption":"Conservas La Orquidea"},"image":{"@id":"https:\/\/www.conservasorquidea.com\/en\/#\/schema\/logo\/image\/"}}]},"product_price_amount":"45.00","product_price_currency":"EUR","og_availability":"instock","product_availability":"instock","product_condition":"new"},"_links":{"self":[{"href":"https:\/\/www.conservasorquidea.com\/en\/wp-json\/wp\/v2\/product\/17758"}],"collection":[{"href":"https:\/\/www.conservasorquidea.com\/en\/wp-json\/wp\/v2\/product"}],"about":[{"href":"https:\/\/www.conservasorquidea.com\/en\/wp-json\/wp\/v2\/types\/product"}],"wp:featuredmedia":[{"embeddable":true,"href":"https:\/\/www.conservasorquidea.com\/en\/wp-json\/wp\/v2\/media\/20463"}],"wp:attachment":[{"href":"https:\/\/www.conservasorquidea.com\/en\/wp-json\/wp\/v2\/media?parent=17758"}],"wp:term":[{"taxonomy":"product_cat","embeddable":true,"href":"https:\/\/www.conservasorquidea.com\/en\/wp-json\/wp\/v2\/product_cat?post=17758"},{"taxonomy":"product_tag","embeddable":true,"href":"https:\/\/www.conservasorquidea.com\/en\/wp-json\/wp\/v2\/product_tag?post=17758"}],"curies":[{"name":"wp","href":"https:\/\/api.w.org\/{rel}","templated":true}]}}