{"id":17658,"date":"2020-06-08T08:46:39","date_gmt":"2020-06-08T08:46:39","guid":{"rendered":"http:\/\/www.conservasorquidea.com\/?post_type=product&#038;p=17658"},"modified":"2026-02-25T07:09:39","modified_gmt":"2026-02-25T07:09:39","slug":"alcachofa-alinada-1-2-kg","status":"publish","type":"product","link":"https:\/\/www.conservasorquidea.com\/en\/producto\/alcachofa-alinada-1-2-kg\/","title":{"rendered":"Alcachofas troceadas ali\u00f1adas con especias al natural, 24 latas de 390 gr Envi\u00f3 gratis en pen\u00ednsula"},"content":{"rendered":"<p><span style=\"color: #ff0000;\">Contiene :<\/span> <span style=\"color: #000000;\">24 latas de alcachofas troceadas ali\u00f1adas 390 gr .<\/span><\/p>\n<p><span style=\"color: #ff0000;\">Ingredientes :<\/span><span style=\"color: #000000;\"> Alcachofas troceadas, aceite de girasol, vinagre,<\/span><\/p>\n<p><span style=\"color: #000000;\"> sal, mezcla de especias y acidulante: acido c\u00edtrico .<\/span><\/p>\n<p>&nbsp;<\/p>\n<p><span style=\"color: #ff0000;\">INFORMACI\u00d3N NUTRICIONAL por 100g<\/span><\/p>\n<p><span style=\"color: #000000;\">Valor energ\u00e9tico &#8230;&#8230;&#8230;&#8230;&#8230;65 kcal<\/span><\/p>\n<p><span style=\"color: #000000;\">Grasas &#8230;&#8230;&#8230;&#8230;&#8230;&#8230;&#8230;&#8230;&#8230;.\u00a0 \u00a0 3,82 g<\/span><\/p>\n<p><span style=\"color: #000000;\">de las cuales saturadas &#8230;.. 0,64 g<\/span><\/p>\n<p><span style=\"color: #000000;\">Hidratos de carbono\u00a0 \u00a0 &#8230;&#8230;.5,90 g<\/span><\/p>\n<p><span style=\"color: #000000;\">de los cuales azucares\u00a0 &#8230;&#8230;.4,26 g<\/span><\/p>\n<p><span style=\"color: #000000;\">Prote\u00ednas\u00a0 &#8230;&#8230;&#8230;&#8230;&#8230;&#8230;&#8230;&#8230;. 1,78 g\u00a0 \u00a0 \u00a0<\/span><\/p>\n<p><span style=\"color: #000000;\">Sal &#8230;&#8230;&#8230;&#8230;&#8230;&#8230;&#8230;&#8230;&#8230;&#8230;&#8230;&#8230;&#8230; 0,85g\u00a0 \u00a0 <\/span><\/p>\n<p><span style=\"color: #ff0000;\">Producto de Espa\u00f1a, elaborado en la huerta de Murcia\u00a0 .<\/span><\/p>\n","protected":false},"excerpt":{"rendered":"<p>24<\/p>\n","protected":false},"featured_media":17719,"template":"","meta":[],"product_cat":[77],"product_tag":[],"yoast_head":"<!-- This site is optimized with the Yoast SEO Premium plugin v19.5 (Yoast SEO v20.8) - https:\/\/yoast.com\/wordpress\/plugins\/seo\/ -->\n<title>Alcachofas troceadas ali\u00f1adas con especias al natural, 24 latas de 390 gr Envi\u00f3 gratis en pen\u00ednsula - Conservas La Orquidea<\/title>\n<meta name=\"robots\" content=\"index, follow, max-snippet:-1, max-image-preview:large, max-video-preview:-1\" \/>\n<link rel=\"canonical\" href=\"https:\/\/www.conservasorquidea.com\/en\/producto\/alcachofa-alinada-1-2-kg\/\" \/>\n<meta property=\"og:locale\" content=\"en_US\" \/>\n<meta property=\"og:type\" content=\"article\" \/>\n<meta property=\"og:title\" content=\"Alcachofas troceadas ali\u00f1adas con especias al natural, 24 latas de 390 gr Envi\u00f3 gratis en pen\u00ednsula\" \/>\n<meta property=\"og:description\" content=\"24\" \/>\n<meta property=\"og:url\" content=\"https:\/\/www.conservasorquidea.com\/en\/producto\/alcachofa-alinada-1-2-kg\/\" \/>\n<meta property=\"og:site_name\" content=\"Conservas La Orquidea\" \/>\n<meta property=\"article:modified_time\" content=\"2026-02-25T07:09:39+00:00\" \/>\n<meta property=\"og:image\" content=\"https:\/\/www.conservasorquidea.com\/wp-content\/uploads\/2020\/06\/alcachofa-ali\u00f1ada-lata.png\" \/>\n\t<meta property=\"og:image:width\" content=\"443\" \/>\n\t<meta property=\"og:image:height\" content=\"450\" \/>\n\t<meta property=\"og:image:type\" content=\"image\/png\" \/>\n<meta name=\"twitter:card\" content=\"summary_large_image\" \/>\n<meta name=\"twitter:label1\" content=\"Price\" \/>\n\t<meta name=\"twitter:data1\" content=\"55,00&euro;\" \/>\n\t<meta name=\"twitter:label2\" content=\"Availability\" \/>\n\t<meta name=\"twitter:data2\" content=\"In stock\" \/>\n<script type=\"application\/ld+json\" class=\"yoast-schema-graph\">{\"@context\":\"https:\/\/schema.org\",\"@graph\":[{\"@type\":\"WebPage\",\"@id\":\"https:\/\/www.conservasorquidea.com\/en\/producto\/alcachofa-alinada-1-2-kg\/\",\"url\":\"https:\/\/www.conservasorquidea.com\/en\/producto\/alcachofa-alinada-1-2-kg\/\",\"name\":\"Alcachofas troceadas ali\u00f1adas con especias al natural, 24 latas de 390 gr Envi\u00f3 gratis en pen\u00ednsula - Conservas La Orquidea\",\"isPartOf\":{\"@id\":\"https:\/\/www.conservasorquidea.com\/en\/#website\"},\"datePublished\":\"2020-06-08T08:46:39+00:00\",\"dateModified\":\"2026-02-25T07:09:39+00:00\",\"breadcrumb\":{\"@id\":\"https:\/\/www.conservasorquidea.com\/en\/producto\/alcachofa-alinada-1-2-kg\/#breadcrumb\"},\"inLanguage\":\"en-US\",\"potentialAction\":[{\"@type\":\"ReadAction\",\"target\":[\"https:\/\/www.conservasorquidea.com\/en\/producto\/alcachofa-alinada-1-2-kg\/\"]}]},{\"@type\":\"BreadcrumbList\",\"@id\":\"https:\/\/www.conservasorquidea.com\/en\/producto\/alcachofa-alinada-1-2-kg\/#breadcrumb\",\"itemListElement\":[{\"@type\":\"ListItem\",\"position\":1,\"name\":\"Portada\",\"item\":\"https:\/\/www.conservasorquidea.com\/en\/\"},{\"@type\":\"ListItem\",\"position\":2,\"name\":\"Tienda\",\"item\":\"https:\/\/www.conservasorquidea.com\/tienda\/tienda\/\"},{\"@type\":\"ListItem\",\"position\":3,\"name\":\"Alcachofas troceadas ali\u00f1adas con especias al natural, 24 latas de 390 gr Envi\u00f3 gratis en pen\u00ednsula\"}]},{\"@type\":\"WebSite\",\"@id\":\"https:\/\/www.conservasorquidea.com\/en\/#website\",\"url\":\"https:\/\/www.conservasorquidea.com\/en\/\",\"name\":\"Conservas La Orquidea\",\"description\":\"Conservas Alcachofas Tomates Murcia Espa\u00f1a Conservas Orquidea Hijos de Jose Gomariz Lopez.\",\"publisher\":{\"@id\":\"https:\/\/www.conservasorquidea.com\/en\/#organization\"},\"potentialAction\":[{\"@type\":\"SearchAction\",\"target\":{\"@type\":\"EntryPoint\",\"urlTemplate\":\"https:\/\/www.conservasorquidea.com\/en\/?s={search_term_string}\"},\"query-input\":\"required name=search_term_string\"}],\"inLanguage\":\"en-US\"},{\"@type\":\"Organization\",\"@id\":\"https:\/\/www.conservasorquidea.com\/en\/#organization\",\"name\":\"Conservas La Orquidea\",\"url\":\"https:\/\/www.conservasorquidea.com\/en\/\",\"logo\":{\"@type\":\"ImageObject\",\"inLanguage\":\"en-US\",\"@id\":\"https:\/\/www.conservasorquidea.com\/en\/#\/schema\/logo\/image\/\",\"url\":\"https:\/\/www.conservasorquidea.com\/wp-content\/uploads\/2020\/05\/logo-la-orquidea-email.png\",\"contentUrl\":\"https:\/\/www.conservasorquidea.com\/wp-content\/uploads\/2020\/05\/logo-la-orquidea-email.png\",\"width\":500,\"height\":230,\"caption\":\"Conservas La Orquidea\"},\"image\":{\"@id\":\"https:\/\/www.conservasorquidea.com\/en\/#\/schema\/logo\/image\/\"}}]}<\/script>\n<meta property=\"product:price:amount\" content=\"55.00\" \/>\n<meta property=\"product:price:currency\" content=\"EUR\" \/>\n<meta property=\"og:availability\" content=\"instock\" \/>\n<meta property=\"product:availability\" content=\"instock\" \/>\n<meta property=\"product:condition\" content=\"new\" \/>\n<!-- \/ Yoast SEO Premium plugin. -->","yoast_head_json":{"title":"Alcachofas troceadas ali\u00f1adas con especias al natural, 24 latas de 390 gr Envi\u00f3 gratis en pen\u00ednsula - Conservas La Orquidea","robots":{"index":"index","follow":"follow","max-snippet":"max-snippet:-1","max-image-preview":"max-image-preview:large","max-video-preview":"max-video-preview:-1"},"canonical":"https:\/\/www.conservasorquidea.com\/en\/producto\/alcachofa-alinada-1-2-kg\/","og_locale":"en_US","og_type":"article","og_title":"Alcachofas troceadas ali\u00f1adas con especias al natural, 24 latas de 390 gr Envi\u00f3 gratis en pen\u00ednsula","og_description":"24","og_url":"https:\/\/www.conservasorquidea.com\/en\/producto\/alcachofa-alinada-1-2-kg\/","og_site_name":"Conservas La Orquidea","article_modified_time":"2026-02-25T07:09:39+00:00","og_image":[{"width":443,"height":450,"url":"https:\/\/www.conservasorquidea.com\/wp-content\/uploads\/2020\/06\/alcachofa-ali\u00f1ada-lata.png","type":"image\/png"}],"twitter_card":"summary_large_image","twitter_misc":{"Price":"55,00&euro;","Availability":"In stock"},"schema":{"@context":"https:\/\/schema.org","@graph":[{"@type":"WebPage","@id":"https:\/\/www.conservasorquidea.com\/en\/producto\/alcachofa-alinada-1-2-kg\/","url":"https:\/\/www.conservasorquidea.com\/en\/producto\/alcachofa-alinada-1-2-kg\/","name":"Alcachofas troceadas ali\u00f1adas con especias al natural, 24 latas de 390 gr Envi\u00f3 gratis en pen\u00ednsula - Conservas La Orquidea","isPartOf":{"@id":"https:\/\/www.conservasorquidea.com\/en\/#website"},"datePublished":"2020-06-08T08:46:39+00:00","dateModified":"2026-02-25T07:09:39+00:00","breadcrumb":{"@id":"https:\/\/www.conservasorquidea.com\/en\/producto\/alcachofa-alinada-1-2-kg\/#breadcrumb"},"inLanguage":"en-US","potentialAction":[{"@type":"ReadAction","target":["https:\/\/www.conservasorquidea.com\/en\/producto\/alcachofa-alinada-1-2-kg\/"]}]},{"@type":"BreadcrumbList","@id":"https:\/\/www.conservasorquidea.com\/en\/producto\/alcachofa-alinada-1-2-kg\/#breadcrumb","itemListElement":[{"@type":"ListItem","position":1,"name":"Portada","item":"https:\/\/www.conservasorquidea.com\/en\/"},{"@type":"ListItem","position":2,"name":"Tienda","item":"https:\/\/www.conservasorquidea.com\/tienda\/tienda\/"},{"@type":"ListItem","position":3,"name":"Alcachofas troceadas ali\u00f1adas con especias al natural, 24 latas de 390 gr Envi\u00f3 gratis en pen\u00ednsula"}]},{"@type":"WebSite","@id":"https:\/\/www.conservasorquidea.com\/en\/#website","url":"https:\/\/www.conservasorquidea.com\/en\/","name":"Conservas La Orquidea","description":"Conservas Alcachofas Tomates Murcia Espa\u00f1a Conservas Orquidea Hijos de Jose Gomariz Lopez.","publisher":{"@id":"https:\/\/www.conservasorquidea.com\/en\/#organization"},"potentialAction":[{"@type":"SearchAction","target":{"@type":"EntryPoint","urlTemplate":"https:\/\/www.conservasorquidea.com\/en\/?s={search_term_string}"},"query-input":"required name=search_term_string"}],"inLanguage":"en-US"},{"@type":"Organization","@id":"https:\/\/www.conservasorquidea.com\/en\/#organization","name":"Conservas La Orquidea","url":"https:\/\/www.conservasorquidea.com\/en\/","logo":{"@type":"ImageObject","inLanguage":"en-US","@id":"https:\/\/www.conservasorquidea.com\/en\/#\/schema\/logo\/image\/","url":"https:\/\/www.conservasorquidea.com\/wp-content\/uploads\/2020\/05\/logo-la-orquidea-email.png","contentUrl":"https:\/\/www.conservasorquidea.com\/wp-content\/uploads\/2020\/05\/logo-la-orquidea-email.png","width":500,"height":230,"caption":"Conservas La Orquidea"},"image":{"@id":"https:\/\/www.conservasorquidea.com\/en\/#\/schema\/logo\/image\/"}}]},"product_price_amount":"55.00","product_price_currency":"EUR","og_availability":"instock","product_availability":"instock","product_condition":"new"},"_links":{"self":[{"href":"https:\/\/www.conservasorquidea.com\/en\/wp-json\/wp\/v2\/product\/17658"}],"collection":[{"href":"https:\/\/www.conservasorquidea.com\/en\/wp-json\/wp\/v2\/product"}],"about":[{"href":"https:\/\/www.conservasorquidea.com\/en\/wp-json\/wp\/v2\/types\/product"}],"wp:featuredmedia":[{"embeddable":true,"href":"https:\/\/www.conservasorquidea.com\/en\/wp-json\/wp\/v2\/media\/17719"}],"wp:attachment":[{"href":"https:\/\/www.conservasorquidea.com\/en\/wp-json\/wp\/v2\/media?parent=17658"}],"wp:term":[{"taxonomy":"product_cat","embeddable":true,"href":"https:\/\/www.conservasorquidea.com\/en\/wp-json\/wp\/v2\/product_cat?post=17658"},{"taxonomy":"product_tag","embeddable":true,"href":"https:\/\/www.conservasorquidea.com\/en\/wp-json\/wp\/v2\/product_tag?post=17658"}],"curies":[{"name":"wp","href":"https:\/\/api.w.org\/{rel}","templated":true}]}}