{"id":17651,"date":"2020-06-08T08:45:48","date_gmt":"2020-06-08T08:45:48","guid":{"rendered":"http:\/\/www.conservasorquidea.com\/?post_type=product&#038;p=17651"},"modified":"2025-02-17T09:08:04","modified_gmt":"2025-02-17T09:08:04","slug":"tomate-troceado-1kg","status":"publish","type":"product","link":"https:\/\/www.conservasorquidea.com\/en\/producto\/tomate-troceado-1kg\/","title":{"rendered":"Tomate Natural Troceado (Especial Tostadas) 12latas de 800gr. Envi\u00f3 gratis en pen\u00ednsula"},"content":{"rendered":"<p><span style=\"color: #ff0000;\">Contiene :<\/span>\u00a0 <span style=\"color: #000000;\">12 latas de 800gr, t<\/span><span style=\"color: #000000;\">omate Natural Troceado (Especial Tostadas).<\/span><\/p>\n<p><span style=\"color: #ff0000;\">Ingredientes :\u00a0<span style=\"color: #000000;\">Tomate troceado, sal y acidulante : acido c\u00edtrico .<\/span><\/span><\/p>\n<p>&nbsp;<\/p>\n<p><span style=\"color: #ff0000;\">INFORMACI\u00d3N NUTRICIONAL por 100g<\/span><\/p>\n<p><span style=\"color: #000000;\">Valor energ\u00e9tico &#8230;.111kj \/\u00a0 26 kcal<\/span><\/p>\n<p><span style=\"color: #000000;\">Grasas\u00a0 &#8230;&#8230;&#8230;&#8230;&#8230;&#8230;&#8230;&#8230;&#8230;&#8230;..0,20 g<\/span><\/p>\n<p>de las cuales saturadas &#8230;&#8230;.0,00 g<\/p>\n<p>Hidratos de carbono &#8230;&#8230;&#8230;.. 5,10 g<\/p>\n<p>de los cuales az\u00facares &#8230;&#8230;&#8230;3,60 g<\/p>\n<p>Prote\u00ednas\u00a0 &#8230;&#8230;&#8230;&#8230;&#8230;&#8230;&#8230;&#8230;&#8230;.1,00 g<\/p>\n<p>Sal\u00a0 \u00a0&#8230;&#8230;&#8230;&#8230;&#8230;&#8230;&#8230;&#8230;&#8230;&#8230;&#8230;&#8230;..0,30g<\/p>\n<p><span style=\"color: #ff0000;\">Producto de Espa\u00f1a, elaborado en la huerta de Murcia .<\/span><\/p>\n","protected":false},"excerpt":{"rendered":"<p>Contiene :\u00a0 12 latas de 800gr, tomate Natural Troceado (Especial Tostadas). Ingredientes :\u00a0Tomate troceado, sal y acidulante : acido c\u00edtrico . &nbsp; INFORMACI\u00d3N NUTRICIONAL por 100g Valor energ\u00e9tico &#8230;.111kj \/\u00a0 26 kcal Grasas\u00a0 &#8230;&#8230;&#8230;&#8230;&#8230;&#8230;&#8230;&#8230;&#8230;&#8230;..0,20 g de las cuales saturadas &#8230;&#8230;.0,00 g Hidratos de carbono &#8230;&#8230;&#8230;&#8230;..<\/p>\n","protected":false},"featured_media":20289,"template":"","meta":[],"product_cat":[76],"product_tag":[],"yoast_head":"<!-- This site is optimized with the Yoast SEO Premium plugin v19.5 (Yoast SEO v20.8) - https:\/\/yoast.com\/wordpress\/plugins\/seo\/ -->\n<title>Tomate Natural Troceado (Especial Tostadas) 12latas de 800gr. Envi\u00f3 gratis en pen\u00ednsula - Conservas La Orquidea<\/title>\n<meta name=\"robots\" content=\"index, follow, max-snippet:-1, max-image-preview:large, max-video-preview:-1\" \/>\n<link rel=\"canonical\" href=\"https:\/\/www.conservasorquidea.com\/en\/producto\/tomate-troceado-1kg\/\" \/>\n<meta property=\"og:locale\" content=\"en_US\" \/>\n<meta property=\"og:type\" content=\"article\" \/>\n<meta property=\"og:title\" content=\"Tomate Natural Troceado (Especial Tostadas) 12latas de 800gr. Envi\u00f3 gratis en pen\u00ednsula\" \/>\n<meta property=\"og:description\" content=\"Contiene :\u00a0 12 latas de 800gr, tomate Natural Troceado (Especial Tostadas). Ingredientes :\u00a0Tomate troceado, sal y acidulante : acido c\u00edtrico . &nbsp; INFORMACI\u00d3N NUTRICIONAL por 100g Valor energ\u00e9tico &#8230;.111kj \/\u00a0 26 kcal Grasas\u00a0 &#8230;&#8230;&#8230;&#8230;&#8230;&#8230;&#8230;&#8230;&#8230;&#8230;..0,20 g de las cuales saturadas &#8230;&#8230;.0,00 g Hidratos de carbono &#8230;&#8230;&#8230;.....\" \/>\n<meta property=\"og:url\" content=\"https:\/\/www.conservasorquidea.com\/en\/producto\/tomate-troceado-1kg\/\" \/>\n<meta property=\"og:site_name\" content=\"Conservas La Orquidea\" \/>\n<meta property=\"article:modified_time\" content=\"2025-02-17T09:08:04+00:00\" \/>\n<meta property=\"og:image\" content=\"https:\/\/www.conservasorquidea.com\/wp-content\/uploads\/2020\/06\/Tomate-troceado-1kg.jpg\" \/>\n\t<meta property=\"og:image:width\" content=\"1920\" \/>\n\t<meta property=\"og:image:height\" content=\"1080\" \/>\n\t<meta property=\"og:image:type\" content=\"image\/jpeg\" \/>\n<meta name=\"twitter:card\" content=\"summary_large_image\" \/>\n<meta name=\"twitter:label1\" content=\"Price\" \/>\n\t<meta name=\"twitter:data1\" content=\"23,00&euro;\" \/>\n\t<meta name=\"twitter:label2\" content=\"Availability\" \/>\n\t<meta name=\"twitter:data2\" content=\"In stock\" \/>\n<script type=\"application\/ld+json\" class=\"yoast-schema-graph\">{\"@context\":\"https:\/\/schema.org\",\"@graph\":[{\"@type\":\"WebPage\",\"@id\":\"https:\/\/www.conservasorquidea.com\/en\/producto\/tomate-troceado-1kg\/\",\"url\":\"https:\/\/www.conservasorquidea.com\/en\/producto\/tomate-troceado-1kg\/\",\"name\":\"Tomate Natural Troceado (Especial Tostadas) 12latas de 800gr. Envi\u00f3 gratis en pen\u00ednsula - Conservas La Orquidea\",\"isPartOf\":{\"@id\":\"https:\/\/www.conservasorquidea.com\/en\/#website\"},\"datePublished\":\"2020-06-08T08:45:48+00:00\",\"dateModified\":\"2025-02-17T09:08:04+00:00\",\"breadcrumb\":{\"@id\":\"https:\/\/www.conservasorquidea.com\/en\/producto\/tomate-troceado-1kg\/#breadcrumb\"},\"inLanguage\":\"en-US\",\"potentialAction\":[{\"@type\":\"ReadAction\",\"target\":[\"https:\/\/www.conservasorquidea.com\/en\/producto\/tomate-troceado-1kg\/\"]}]},{\"@type\":\"BreadcrumbList\",\"@id\":\"https:\/\/www.conservasorquidea.com\/en\/producto\/tomate-troceado-1kg\/#breadcrumb\",\"itemListElement\":[{\"@type\":\"ListItem\",\"position\":1,\"name\":\"Portada\",\"item\":\"https:\/\/www.conservasorquidea.com\/en\/\"},{\"@type\":\"ListItem\",\"position\":2,\"name\":\"Tienda\",\"item\":\"https:\/\/www.conservasorquidea.com\/tienda\/tienda\/\"},{\"@type\":\"ListItem\",\"position\":3,\"name\":\"Tomate Natural Troceado (Especial Tostadas) 12latas de 800gr. Envi\u00f3 gratis en pen\u00ednsula\"}]},{\"@type\":\"WebSite\",\"@id\":\"https:\/\/www.conservasorquidea.com\/en\/#website\",\"url\":\"https:\/\/www.conservasorquidea.com\/en\/\",\"name\":\"Conservas La Orquidea\",\"description\":\"Conservas Alcachofas Tomates Murcia Espa\u00f1a Conservas Orquidea Hijos de Jose Gomariz Lopez.\",\"publisher\":{\"@id\":\"https:\/\/www.conservasorquidea.com\/en\/#organization\"},\"potentialAction\":[{\"@type\":\"SearchAction\",\"target\":{\"@type\":\"EntryPoint\",\"urlTemplate\":\"https:\/\/www.conservasorquidea.com\/en\/?s={search_term_string}\"},\"query-input\":\"required name=search_term_string\"}],\"inLanguage\":\"en-US\"},{\"@type\":\"Organization\",\"@id\":\"https:\/\/www.conservasorquidea.com\/en\/#organization\",\"name\":\"Conservas La Orquidea\",\"url\":\"https:\/\/www.conservasorquidea.com\/en\/\",\"logo\":{\"@type\":\"ImageObject\",\"inLanguage\":\"en-US\",\"@id\":\"https:\/\/www.conservasorquidea.com\/en\/#\/schema\/logo\/image\/\",\"url\":\"https:\/\/www.conservasorquidea.com\/wp-content\/uploads\/2020\/05\/logo-la-orquidea-email.png\",\"contentUrl\":\"https:\/\/www.conservasorquidea.com\/wp-content\/uploads\/2020\/05\/logo-la-orquidea-email.png\",\"width\":500,\"height\":230,\"caption\":\"Conservas La Orquidea\"},\"image\":{\"@id\":\"https:\/\/www.conservasorquidea.com\/en\/#\/schema\/logo\/image\/\"}}]}<\/script>\n<meta property=\"product:price:amount\" content=\"23.00\" \/>\n<meta property=\"product:price:currency\" content=\"EUR\" \/>\n<meta property=\"og:availability\" content=\"instock\" \/>\n<meta property=\"product:availability\" content=\"instock\" \/>\n<meta property=\"product:condition\" content=\"new\" \/>\n<!-- \/ Yoast SEO Premium plugin. -->","yoast_head_json":{"title":"Tomate Natural Troceado (Especial Tostadas) 12latas de 800gr. Envi\u00f3 gratis en pen\u00ednsula - Conservas La Orquidea","robots":{"index":"index","follow":"follow","max-snippet":"max-snippet:-1","max-image-preview":"max-image-preview:large","max-video-preview":"max-video-preview:-1"},"canonical":"https:\/\/www.conservasorquidea.com\/en\/producto\/tomate-troceado-1kg\/","og_locale":"en_US","og_type":"article","og_title":"Tomate Natural Troceado (Especial Tostadas) 12latas de 800gr. Envi\u00f3 gratis en pen\u00ednsula","og_description":"Contiene :\u00a0 12 latas de 800gr, tomate Natural Troceado (Especial Tostadas). Ingredientes :\u00a0Tomate troceado, sal y acidulante : acido c\u00edtrico . &nbsp; INFORMACI\u00d3N NUTRICIONAL por 100g Valor energ\u00e9tico &#8230;.111kj \/\u00a0 26 kcal Grasas\u00a0 &#8230;&#8230;&#8230;&#8230;&#8230;&#8230;&#8230;&#8230;&#8230;&#8230;..0,20 g de las cuales saturadas &#8230;&#8230;.0,00 g Hidratos de carbono &#8230;&#8230;&#8230;.....","og_url":"https:\/\/www.conservasorquidea.com\/en\/producto\/tomate-troceado-1kg\/","og_site_name":"Conservas La Orquidea","article_modified_time":"2025-02-17T09:08:04+00:00","og_image":[{"width":1920,"height":1080,"url":"https:\/\/www.conservasorquidea.com\/wp-content\/uploads\/2020\/06\/Tomate-troceado-1kg.jpg","type":"image\/jpeg"}],"twitter_card":"summary_large_image","twitter_misc":{"Price":"23,00&euro;","Availability":"In stock"},"schema":{"@context":"https:\/\/schema.org","@graph":[{"@type":"WebPage","@id":"https:\/\/www.conservasorquidea.com\/en\/producto\/tomate-troceado-1kg\/","url":"https:\/\/www.conservasorquidea.com\/en\/producto\/tomate-troceado-1kg\/","name":"Tomate Natural Troceado (Especial Tostadas) 12latas de 800gr. Envi\u00f3 gratis en pen\u00ednsula - Conservas La Orquidea","isPartOf":{"@id":"https:\/\/www.conservasorquidea.com\/en\/#website"},"datePublished":"2020-06-08T08:45:48+00:00","dateModified":"2025-02-17T09:08:04+00:00","breadcrumb":{"@id":"https:\/\/www.conservasorquidea.com\/en\/producto\/tomate-troceado-1kg\/#breadcrumb"},"inLanguage":"en-US","potentialAction":[{"@type":"ReadAction","target":["https:\/\/www.conservasorquidea.com\/en\/producto\/tomate-troceado-1kg\/"]}]},{"@type":"BreadcrumbList","@id":"https:\/\/www.conservasorquidea.com\/en\/producto\/tomate-troceado-1kg\/#breadcrumb","itemListElement":[{"@type":"ListItem","position":1,"name":"Portada","item":"https:\/\/www.conservasorquidea.com\/en\/"},{"@type":"ListItem","position":2,"name":"Tienda","item":"https:\/\/www.conservasorquidea.com\/tienda\/tienda\/"},{"@type":"ListItem","position":3,"name":"Tomate Natural Troceado (Especial Tostadas) 12latas de 800gr. Envi\u00f3 gratis en pen\u00ednsula"}]},{"@type":"WebSite","@id":"https:\/\/www.conservasorquidea.com\/en\/#website","url":"https:\/\/www.conservasorquidea.com\/en\/","name":"Conservas La Orquidea","description":"Conservas Alcachofas Tomates Murcia Espa\u00f1a Conservas Orquidea Hijos de Jose Gomariz Lopez.","publisher":{"@id":"https:\/\/www.conservasorquidea.com\/en\/#organization"},"potentialAction":[{"@type":"SearchAction","target":{"@type":"EntryPoint","urlTemplate":"https:\/\/www.conservasorquidea.com\/en\/?s={search_term_string}"},"query-input":"required name=search_term_string"}],"inLanguage":"en-US"},{"@type":"Organization","@id":"https:\/\/www.conservasorquidea.com\/en\/#organization","name":"Conservas La Orquidea","url":"https:\/\/www.conservasorquidea.com\/en\/","logo":{"@type":"ImageObject","inLanguage":"en-US","@id":"https:\/\/www.conservasorquidea.com\/en\/#\/schema\/logo\/image\/","url":"https:\/\/www.conservasorquidea.com\/wp-content\/uploads\/2020\/05\/logo-la-orquidea-email.png","contentUrl":"https:\/\/www.conservasorquidea.com\/wp-content\/uploads\/2020\/05\/logo-la-orquidea-email.png","width":500,"height":230,"caption":"Conservas La Orquidea"},"image":{"@id":"https:\/\/www.conservasorquidea.com\/en\/#\/schema\/logo\/image\/"}}]},"product_price_amount":"23.00","product_price_currency":"EUR","og_availability":"instock","product_availability":"instock","product_condition":"new"},"_links":{"self":[{"href":"https:\/\/www.conservasorquidea.com\/en\/wp-json\/wp\/v2\/product\/17651"}],"collection":[{"href":"https:\/\/www.conservasorquidea.com\/en\/wp-json\/wp\/v2\/product"}],"about":[{"href":"https:\/\/www.conservasorquidea.com\/en\/wp-json\/wp\/v2\/types\/product"}],"wp:featuredmedia":[{"embeddable":true,"href":"https:\/\/www.conservasorquidea.com\/en\/wp-json\/wp\/v2\/media\/20289"}],"wp:attachment":[{"href":"https:\/\/www.conservasorquidea.com\/en\/wp-json\/wp\/v2\/media?parent=17651"}],"wp:term":[{"taxonomy":"product_cat","embeddable":true,"href":"https:\/\/www.conservasorquidea.com\/en\/wp-json\/wp\/v2\/product_cat?post=17651"},{"taxonomy":"product_tag","embeddable":true,"href":"https:\/\/www.conservasorquidea.com\/en\/wp-json\/wp\/v2\/product_tag?post=17651"}],"curies":[{"name":"wp","href":"https:\/\/api.w.org\/{rel}","templated":true}]}}